{"id":21,"date":"2024-06-18T07:54:40","date_gmt":"2024-06-18T07:54:40","guid":{"rendered":"https:\/\/coursupreme.org.gn\/dev01\/?page_id=21"},"modified":"2024-12-11T15:09:39","modified_gmt":"2024-12-11T15:09:39","slug":"directions-et-services","status":"publish","type":"page","link":"https:\/\/coursupreme.org.gn\/fr\/directions-et-services\/","title":{"rendered":"Direction &#038; Services"},"content":{"rendered":"<p><strong>Attributions&nbsp;de la Direction du Service de documentation, d\u2019\u00e9tudes et de recherches de la Cour supr\u00eame de Guin\u00e9e<\/strong><\/p>\n<p>Aux termes de l\u2019article 7 de la Loi Organique L\/2017\/N\u00b0003\/AN DU 23\/02\/2017 portant attributions, Organisation et fonctionnement de la Cour supr\u00eame, \u00ab&nbsp;il est cr\u00e9\u00e9 un service de documentation, d\u2019\u00e9tudes et de recherches plac\u00e9 sous l\u2019autorit\u00e9 du Premier pr\u00e9sident de la Cour supr\u00eame.<\/p>\n<p><strong>A- Attributions<\/strong><\/p>\n<p>Le Service de documentation, d\u2019\u00e9tudes et de recherches est charg\u00e9 de recevoir du greffe de la Cour tous les pourvois en cassation qui parviennent \u00e0 celui-ci, en vue d\u2019effectuer les recherches n\u00e9cessaires pr\u00e9alables, de rassembler les \u00e9l\u00e9ments d\u2019information au traitement des dossiers y aff\u00e9rents et d\u2019orienter ces dossiers vers les diff\u00e9rentes chambres de la Cour<span style=\"text-decoration: line-through;\">.<\/span><\/p>\n<p>Le Service de documentation, d\u2019\u00e9tudes et de recherches participe \u00e0 la rationalisation du traitement des contentieux&nbsp;:<\/p>\n<ul>\n<li>En orientant les m\u00e9moires ampliatifs vers les chambres comp\u00e9tentes&nbsp;;<\/li>\n<li>En rapprochant les pourvois posant des questions identiques ou analogues&nbsp;;<\/li>\n<li>En contribuant \u00e0 la r\u00e9duction d\u2019\u00e9ventuelles divergences de jurisprudence au sein des chambres de la Cour supr\u00eame ou entre cette haute juridiction et les juridictions inf\u00e9rieures.<\/li>\n<\/ul>\n<p>Le Service de documentation, d\u2019\u00e9tudes et de recherches assure la diffusion de la jurisprudence de la Cour au moyen des bases de donn\u00e9es que celle-ci administre&nbsp;:<\/p>\n<ul>\n<li>en \u00e9laborant diff\u00e9rentes publications notamment le bulletin des arr\u00eats des chambres civiles et le bulletin des arr\u00eats des chambres p\u00e9nales&nbsp;;<\/li>\n<li>en mettant \u00e0 la disposition des magistrats du pays ses travaux notamment ses recherches th\u00e9matiques en droit interne et en droit compar\u00e9 ainsi que les derniers panoramas de la jurisprudence&nbsp;;<\/li>\n<li>en r\u00e9alisant des recherches juridiques dans le cadre de l\u2019examen d\u2019un litige ou \u00e0 la demande des tribunaux ou des cours d\u2019appel&nbsp;;<\/li>\n<li>en contribuant \u00e0 l\u2019alimentation du site Internet et Intranet de la Cour.<\/li>\n<\/ul>\n<p>Le Service de documentation, d\u2019\u00e9tudes et de recherches d\u00e9tient une base de donn\u00e9es rassemblant les d\u00e9cisions et avis de la Cour et des Commissions juridictionnelles plac\u00e9es aupr\u00e8s d\u2019elle.<\/p>\n<p>Il apporte, s\u2019il y a lieu, son expertise dans le cadre de la pr\u00e9paration et du d\u00e9roulement des assembl\u00e9es g\u00e9n\u00e9rales consultatives et des assembl\u00e9es int\u00e9rieures de la Cou<strong>r. <\/strong><\/p>\n<p>Le Service de documentation, d\u2019\u00e9tudes et de recherches est charg\u00e9 d\u2019organiser des activit\u00e9s scientifiques sous forme d\u2019ateliers, de s\u00e9minaires, de journ\u00e9es d\u2019\u00e9tudes ou de dialogues et d\u2019\u00e9laborer des \u00e9tudes th\u00e9matiques accessibles \u00e0 l\u2019ensemble des magistrats du pays.<\/p>\n<p>Il est \u00e9galement charg\u00e9 de la conservation des archives et de la gestion de la biblioth\u00e8que.<\/p>\n<p>Il g\u00e8re le site et toutes les publications de la Cour, \u00e0 l\u2019exception du rapport annuel \u00e0 l\u2019\u00e9laboration duquel il apporte son concours.<\/p>\n<p><strong>B- Composition&nbsp;<\/strong><\/p>\n<p>Le Service de documentation, d\u2019\u00e9tudes et de recherches est dirig\u00e9 par un magistrat nomm\u00e9 par d\u00e9cret.<\/p>\n<p>Le Directeur du Service de documentation, d\u2019\u00e9tudes et de recherches a rang de pr\u00e9sident de chambre&nbsp;; il n\u2019occupe pas de fonctions juridictionnelles, et il est assist\u00e9 d\u2019auditeurs de justice, d\u2019un repr\u00e9sentant du parquet g\u00e9n\u00e9ral, de biblioth\u00e9caires, d\u2019archivistes, d\u2019agents administratifs et d\u2019informaticiens, tous nomm\u00e9s par le Premier pr\u00e9sident de la Cour.<\/p>\n<p>Au niveau du Service de documentation, d\u2019\u00e9tudes et de recherches, les services de greffe, notamment le secr\u00e9tariat, sont assur\u00e9s par un greffier d\u00e9sign\u00e9 par le Premier pr\u00e9sident de la Cour.<\/p>\n<p>&nbsp;<\/p>\n","protected":false},"excerpt":{"rendered":"<p>Attributions&nbsp;de la Direction du Service de documentation, d\u2019\u00e9tudes et de recherches de la Cour supr\u00eame de Guin\u00e9e Aux termes de l\u2019article 7 de la Loi Organique L\/2017\/N\u00b0003\/AN DU 23\/02\/2017 portant attributions, Organisation et fonctionnement de la Cour supr\u00eame, \u00ab&nbsp;il est cr\u00e9\u00e9 un service de documentation, d\u2019\u00e9tudes et de recherches plac\u00e9 sous l\u2019autorit\u00e9 du Premier pr\u00e9sident de la Cour supr\u00eame. A- Attributions Le Service de documentation, d\u2019\u00e9tudes et de recherches est charg\u00e9 de recevoir du greffe de la Cour tous les pourvois en cassation qui parviennent \u00e0 celui-ci, en vue d\u2019effectuer les recherches n\u00e9cessaires pr\u00e9alables, de rassembler les \u00e9l\u00e9ments d\u2019information au [&hellip;]<\/p>\n","protected":false},"author":1,"featured_media":0,"parent":0,"menu_order":0,"comment_status":"closed","ping_status":"closed","template":"","meta":{"tpgb_global_settings":"","ngg_post_thumbnail":0,"footnotes":""},"class_list":["post-21","page","type-page","status-publish","hentry"],"tpgb_featured_images":null,"tpgb_post_meta_info":{"get_date":"18 juin 2024","get_modified_date":"11 d\u00e9cembre 2024","author_name":"coursup001","author_url":"https:\/\/coursupreme.org.gn\/fr\/author\/coursup001\/","author_email":"admin@coursupreme.org.gn","author_website":"https:\/\/coursupreme.org.gn","author_description":"","author_facebook":"","author_twitter":"","author_instagram":"","author_role":["administrator"],"author_firstname":"","author_lastname":"","user_login":"coursup001","author_avatar":"<img alt='' src='https:\/\/secure.gravatar.com\/avatar\/fb5174ba16fc92604ba38ba91221b56765a3bd57d0b7999d5bd072ab0634059d?s=200&#038;d=mm&#038;r=g' srcset='https:\/\/secure.gravatar.com\/avatar\/fb5174ba16fc92604ba38ba91221b56765a3bd57d0b7999d5bd072ab0634059d?s=400&#038;d=mm&#038;r=g 2x' class='avatar avatar-200 photo' height='200' width='200' decoding='async'\/>","author_avatar_url":"https:\/\/secure.gravatar.com\/avatar\/fb5174ba16fc92604ba38ba91221b56765a3bd57d0b7999d5bd072ab0634059d?s=96&d=mm&r=g","comment_count":0,"post_likes":0,"post_views":0},"tpgb_post_category":[],"jetpack_sharing_enabled":true,"_links":{"self":[{"href":"https:\/\/coursupreme.org.gn\/fr\/wp-json\/wp\/v2\/pages\/21","targetHints":{"allow":["GET"]}}],"collection":[{"href":"https:\/\/coursupreme.org.gn\/fr\/wp-json\/wp\/v2\/pages"}],"about":[{"href":"https:\/\/coursupreme.org.gn\/fr\/wp-json\/wp\/v2\/types\/page"}],"author":[{"embeddable":true,"href":"https:\/\/coursupreme.org.gn\/fr\/wp-json\/wp\/v2\/users\/1"}],"replies":[{"embeddable":true,"href":"https:\/\/coursupreme.org.gn\/fr\/wp-json\/wp\/v2\/comments?post=21"}],"version-history":[{"count":4,"href":"https:\/\/coursupreme.org.gn\/fr\/wp-json\/wp\/v2\/pages\/21\/revisions"}],"predecessor-version":[{"id":1971,"href":"https:\/\/coursupreme.org.gn\/fr\/wp-json\/wp\/v2\/pages\/21\/revisions\/1971"}],"wp:attachment":[{"href":"https:\/\/coursupreme.org.gn\/fr\/wp-json\/wp\/v2\/media?parent=21"}],"curies":[{"name":"wp","href":"https:\/\/api.w.org\/{rel}","templated":true}]}}