{"id":187,"date":"2024-06-21T17:56:26","date_gmt":"2024-06-21T17:56:26","guid":{"rendered":"https:\/\/coursupreme.org.gn\/dev01\/?page_id=187"},"modified":"2024-07-20T20:27:52","modified_gmt":"2024-07-20T20:27:52","slug":"contacts","status":"publish","type":"page","link":"https:\/\/coursupreme.org.gn\/fr\/contacts\/","title":{"rendered":"Contacts"},"content":{"rendered":"<style>.elementor-187 .elementor-element.elementor-element-6f8a776f > .elementor-container > .elementor-column > .elementor-widget-wrap{align-content:center;align-items:center;}.elementor-187 .elementor-element.elementor-element-6f8a776f{overflow:hidden;transition:background 0.3s, border 0.3s, border-radius 0.3s, box-shadow 0.3s;margin-top:0px;margin-bottom:0px;padding:30px 20px 20px 20px;}.elementor-187 .elementor-element.elementor-element-6f8a776f:not(.elementor-motion-effects-element-type-background), .elementor-187 .elementor-element.elementor-element-6f8a776f > .elementor-motion-effects-container > .elementor-motion-effects-layer{background-color:#009846;}.elementor-187 .elementor-element.elementor-element-6f8a776f > .elementor-background-overlay{opacity:1;transition:background 0.3s, border-radius 0.3s, opacity 0.3s;}.elementor-widget-heading .elementor-heading-title{color:var( --e-global-color-primary );}.elementor-187 .elementor-element.elementor-element-3b55505c{text-align:center;}.elementor-187 .elementor-element.elementor-element-3b55505c .elementor-heading-title{font-family:\"Arial\", Sans-serif;font-size:4.3rem;font-weight:600;text-transform:capitalize;line-height:1.5em;color:#FFFFFF;}.elementor-187 .elementor-element.elementor-element-3b55505c > .elementor-widget-container{padding:0px 0px 10px 0px;}.elementor-187 .elementor-element.elementor-element-92871d4{--display:flex;--flex-direction:column;--container-widget-width:100%;--container-widget-height:initial;--container-widget-flex-grow:0;--container-widget-align-self:initial;--flex-wrap-mobile:wrap;}.elementor-187 .elementor-element.elementor-element-4c9065c{text-align:center;}.elementor-187 .elementor-element.elementor-element-4c9065c .elementor-heading-title{font-family:\"Arial\", Sans-serif;font-size:25px;font-weight:300;line-height:1.7em;color:#4E4E4E;}.elementor-187 .elementor-element.elementor-element-7e4594e{--display:flex;--flex-direction:row;--container-widget-width:initial;--container-widget-height:100%;--container-widget-flex-grow:1;--container-widget-align-self:stretch;--flex-wrap-mobile:wrap;--gap:0px 0px;--row-gap:0px;--column-gap:0px;}.elementor-187 .elementor-element.elementor-element-bb9232c{--display:flex;--flex-direction:column;--container-widget-width:100%;--container-widget-height:initial;--container-widget-flex-grow:0;--container-widget-align-self:initial;--flex-wrap-mobile:wrap;}.elementor-187 .elementor-element.elementor-element-11c184c .eael-infobox .infobox-icon{align-self:baseline;}.elementor-187 .elementor-element.elementor-element-11c184c .eael-infobox .infobox-icon i{font-size:40px;color:#4d4d4d;}.elementor-187 .elementor-element.elementor-element-11c184c .eael-infobox .infobox-icon svg{height:40px;width:40px;fill:#4d4d4d;}.elementor-187 .elementor-element.elementor-element-11c184c .eael-infobox .infobox-icon .infobox-icon-wrap img{height:40px;width:40px;}.elementor-187 .elementor-element.elementor-element-11c184c .eael-infobox.icon-beside-title .infobox-content .title figure i{color:#4d4d4d;}.elementor-187 .elementor-element.elementor-element-11c184c .eael-infobox:hover .infobox-icon i{color:#4d4d4d;}.elementor-187 .elementor-element.elementor-element-11c184c .eael-infobox:hover .infobox-icon svg{fill:#4d4d4d;}.elementor-187 .elementor-element.elementor-element-11c184c .eael-infobox.icon-beside-title:hover .infobox-content .title figure i{color:#4d4d4d;}.elementor-187 .elementor-element.elementor-element-11c184c .eael-infobox .infobox-content .title{color:#252525;font-family:\"Arial\", Sans-serif;font-size:23px;font-weight:700;line-height:1.3em;margin:0px 0px 10px 0px;}.elementor-187 .elementor-element.elementor-element-11c184c .eael-infobox .infobox-content p{margin:0px 0px 0px 0px;color:#727272;font-family:\"Arial\", Sans-serif;font-size:16px;font-weight:400;line-height:1.6em;}.elementor-187 .elementor-element.elementor-element-11c184c .eael-infobox:hover .infobox-content h4{transition:100ms;}.elementor-187 .elementor-element.elementor-element-11c184c .eael-infobox:hover .infobox-content p{transition:100ms;}.elementor-187 .elementor-element.elementor-element-11c184c > .elementor-widget-container{padding:0px 0px 20px 0px;}.elementor-187 .elementor-element.elementor-element-ac6e79b{--display:flex;--flex-direction:column;--container-widget-width:100%;--container-widget-height:initial;--container-widget-flex-grow:0;--container-widget-align-self:initial;--flex-wrap-mobile:wrap;}.elementor-187 .elementor-element.elementor-element-34c11de .eael-infobox .infobox-icon{align-self:baseline;}.elementor-187 .elementor-element.elementor-element-34c11de .eael-infobox .infobox-icon i{font-size:40px;color:#4d4d4d;}.elementor-187 .elementor-element.elementor-element-34c11de .eael-infobox .infobox-icon svg{height:40px;width:40px;fill:#4d4d4d;}.elementor-187 .elementor-element.elementor-element-34c11de .eael-infobox .infobox-icon .infobox-icon-wrap img{height:40px;width:40px;}.elementor-187 .elementor-element.elementor-element-34c11de .eael-infobox.icon-beside-title .infobox-content .title figure i{color:#4d4d4d;}.elementor-187 .elementor-element.elementor-element-34c11de .eael-infobox:hover .infobox-icon i{color:#4d4d4d;}.elementor-187 .elementor-element.elementor-element-34c11de .eael-infobox:hover .infobox-icon svg{fill:#4d4d4d;}.elementor-187 .elementor-element.elementor-element-34c11de .eael-infobox.icon-beside-title:hover .infobox-content .title figure i{color:#4d4d4d;}.elementor-187 .elementor-element.elementor-element-34c11de .eael-infobox .infobox-content .title{color:#252525;font-family:\"Arial\", Sans-serif;font-size:23px;font-weight:700;line-height:1.3em;margin:0px 0px 10px 0px;}.elementor-187 .elementor-element.elementor-element-34c11de .eael-infobox .infobox-content p{margin:0px 0px 0px 0px;color:#727272;font-family:\"Arial\", Sans-serif;font-size:16px;font-weight:400;line-height:1.6em;}.elementor-187 .elementor-element.elementor-element-34c11de .eael-infobox:hover .infobox-content h4{transition:100ms;}.elementor-187 .elementor-element.elementor-element-34c11de .eael-infobox:hover .infobox-content p{transition:100ms;}.elementor-187 .elementor-element.elementor-element-34c11de > .elementor-widget-container{padding:0px 0px 20px 0px;}.elementor-187 .elementor-element.elementor-element-a5456a8{--display:flex;--flex-direction:column;--container-widget-width:100%;--container-widget-height:initial;--container-widget-flex-grow:0;--container-widget-align-self:initial;--flex-wrap-mobile:wrap;}.elementor-187 .elementor-element.elementor-element-99765c4 .eael-infobox .infobox-icon{align-self:baseline;}.elementor-187 .elementor-element.elementor-element-99765c4 .eael-infobox .infobox-icon i{font-size:40px;color:#4d4d4d;}.elementor-187 .elementor-element.elementor-element-99765c4 .eael-infobox .infobox-icon svg{height:40px;width:40px;fill:#4d4d4d;}.elementor-187 .elementor-element.elementor-element-99765c4 .eael-infobox .infobox-icon .infobox-icon-wrap img{height:40px;width:40px;}.elementor-187 .elementor-element.elementor-element-99765c4 .eael-infobox.icon-beside-title .infobox-content .title figure i{color:#4d4d4d;}.elementor-187 .elementor-element.elementor-element-99765c4 .eael-infobox:hover .infobox-icon i{color:#4d4d4d;}.elementor-187 .elementor-element.elementor-element-99765c4 .eael-infobox:hover .infobox-icon svg{fill:#4d4d4d;}.elementor-187 .elementor-element.elementor-element-99765c4 .eael-infobox.icon-beside-title:hover .infobox-content .title figure i{color:#4d4d4d;}.elementor-187 .elementor-element.elementor-element-99765c4 .eael-infobox .infobox-content .title{color:#252525;font-family:\"Arial\", Sans-serif;font-size:23px;font-weight:700;line-height:1.3em;margin:0px 0px 10px 0px;}.elementor-187 .elementor-element.elementor-element-99765c4 .eael-infobox .infobox-content p{margin:0px 0px 0px 0px;color:#727272;font-family:\"Arial\", Sans-serif;font-size:16px;font-weight:400;line-height:1.6em;}.elementor-187 .elementor-element.elementor-element-99765c4 .eael-infobox:hover .infobox-content h4{transition:100ms;}.elementor-187 .elementor-element.elementor-element-99765c4 .eael-infobox:hover .infobox-content p{transition:100ms;}.elementor-187 .elementor-element.elementor-element-99765c4 > .elementor-widget-container{padding:0px 0px 20px 0px;}.elementor-187 .elementor-element.elementor-element-1dc3d02{--display:flex;--flex-direction:row;--container-widget-width:initial;--container-widget-height:100%;--container-widget-flex-grow:1;--container-widget-align-self:stretch;--flex-wrap-mobile:wrap;--gap:0px 0px;--row-gap:0px;--column-gap:0px;--padding-top:20px;--padding-bottom:20px;--padding-left:20px;--padding-right:20px;}.elementor-187 .elementor-element.elementor-element-1dc3d02:not(.elementor-motion-effects-element-type-background), .elementor-187 .elementor-element.elementor-element-1dc3d02 > .elementor-motion-effects-container > .elementor-motion-effects-layer{background-color:#FAFAFAF0;}.elementor-187 .elementor-element.elementor-element-5ddd72e{--display:flex;--flex-direction:column;--container-widget-width:100%;--container-widget-height:initial;--container-widget-flex-grow:0;--container-widget-align-self:initial;--flex-wrap-mobile:wrap;}.elementor-187 .elementor-element.elementor-element-5ddd72e.e-con{--flex-grow:0;--flex-shrink:0;}.elementor-187 .elementor-element.elementor-element-a9a013a .input__checkbox_btn .toggle-button__icon {width:25px;height:25px;}.elementor-187 .elementor-element.elementor-element-a9a013a .input__radio_btn .toggle-button__icon {width:25px;height:25px;}.elementor-187 .elementor-element.elementor-element-a9a013a .theplus-contact-form span.wpcf7-form-control-wrap.cf7-style-file .input__file_btn span{color:#212121;}.elementor-187 .elementor-element.elementor-element-a9a013a .theplus-contact-form span.wpcf7-form-control-wrap.cf7-style-file .input__file_btn svg *{fill:#212121;stroke:none;}.elementor-187 .elementor-element.elementor-element-a9a013a .theplus-contact-form span.wpcf7-form-control-wrap.cf7-style-file{-webkit-justify-content:center;-ms-flex-pack:center;justify-content:center;}.elementor-187 .elementor-element.elementor-element-a9a013a .theplus-contact-form span.wpcf7-form-control-wrap.cf7-style-file span{text-align:center;}.elementor-187 .elementor-element.elementor-element-a9a013a .theplus-contact-form span.wpcf7-form-control-wrap.cf7-style-file .input__file_btn svg,.elementor-187 .elementor-element.elementor-element-a9a013a .theplus-contact-form span.wpcf7-form-control-wrap.cf7-style-file span{display:center;margin:0 auto;text-align:center;}.elementor-187 .elementor-element.elementor-element-512b3f3{--display:flex;--flex-direction:column;--container-widget-width:100%;--container-widget-height:initial;--container-widget-flex-grow:0;--container-widget-align-self:initial;--flex-wrap-mobile:wrap;}.elementor-187 .elementor-element.elementor-element-512b3f3.e-con{--flex-grow:0;--flex-shrink:0;}.elementor-187 .elementor-element.elementor-element-e3087a0 iframe{height:534px;}.elementor-187 .elementor-element.elementor-element-52a1644{--display:flex;--flex-direction:column;--container-widget-width:100%;--container-widget-height:initial;--container-widget-flex-grow:0;--container-widget-align-self:initial;--flex-wrap-mobile:wrap;}@media(max-width:1024px){.elementor-187 .elementor-element.elementor-element-6f8a776f{margin-top:0px;margin-bottom:0px;padding:30px 20px 30px 20px;}.elementor-187 .elementor-element.elementor-element-11c184c .eael-infobox .infobox-content p{font-size:14px;}.elementor-187 .elementor-element.elementor-element-34c11de .eael-infobox .infobox-content p{font-size:14px;}.elementor-187 .elementor-element.elementor-element-99765c4 .eael-infobox .infobox-content p{font-size:14px;}}@media(max-width:767px){.elementor-187 .elementor-element.elementor-element-6f8a776f{margin-top:0px;margin-bottom:0px;padding:30px 20px 30px 20px;}.elementor-187 .elementor-element.elementor-element-3b55505c .elementor-heading-title{font-size:2.5rem;}.elementor-187 .elementor-element.elementor-element-3b55505c > .elementor-widget-container{padding:0px 0px 0px 0px;}.elementor-187 .elementor-element.elementor-element-4c9065c .elementor-heading-title{font-size:16px;}}@media(min-width:768px){.elementor-187 .elementor-element.elementor-element-bb9232c{--width:50%;}.elementor-187 .elementor-element.elementor-element-ac6e79b{--width:50%;}.elementor-187 .elementor-element.elementor-element-a5456a8{--width:50%;}.elementor-187 .elementor-element.elementor-element-5ddd72e{--width:50%;}.elementor-187 .elementor-element.elementor-element-512b3f3{--width:50%;}}@media(max-width:1024px) and (min-width:768px){.elementor-187 .elementor-element.elementor-element-5ddd72e{--width:407.667px;}.elementor-187 .elementor-element.elementor-element-512b3f3{--width:532.667px;}}<\/style>\t\t<div data-elementor-type=\"wp-page\" data-elementor-id=\"187\" class=\"elementor elementor-187\">\n\t\t\t\t\t\t<section class=\"elementor-section elementor-top-section elementor-element elementor-element-6f8a776f elementor-section-content-middle elementor-section-full_width elementor-section-height-default elementor-section-height-default exad-glass-effect-no exad-sticky-section-no\" data-id=\"6f8a776f\" data-element_type=\"section\" data-e-type=\"section\" data-settings=\"{&quot;background_background&quot;:&quot;classic&quot;}\">\n\t\t\t\t\t\t\t<div class=\"elementor-background-overlay\"><\/div>\n\t\t\t\t\t\t\t<div class=\"elementor-container elementor-column-gap-no\">\n\t\t\t\t\t<div class=\"elementor-column elementor-col-100 elementor-top-column elementor-element elementor-element-1a689dbe exad-glass-effect-no exad-sticky-section-no\" data-id=\"1a689dbe\" data-element_type=\"column\" data-e-type=\"column\">\n\t\t\t<div class=\"elementor-widget-wrap elementor-element-populated\">\n\t\t\t\t\t\t<div class=\"elementor-element elementor-element-3b55505c exad-sticky-section-no exad-glass-effect-no elementor-widget elementor-widget-heading\" data-id=\"3b55505c\" data-element_type=\"widget\" data-e-type=\"widget\" data-widget_type=\"heading.default\">\n\t\t\t\t<div class=\"elementor-widget-container\">\n\t\t\t\t\t<h2 class=\"elementor-heading-title elementor-size-default\">Contacts<\/h2>\t\t\t\t<\/div>\n\t\t\t\t<\/div>\n\t\t\t\t\t<\/div>\n\t\t<\/div>\n\t\t\t\t\t<\/div>\n\t\t<\/section>\n\t\t<div class=\"elementor-element elementor-element-92871d4 e-flex e-con-boxed e-con e-parent\" data-id=\"92871d4\" data-element_type=\"container\" data-e-type=\"container\">\n\t\t\t\t\t<div class=\"e-con-inner\">\n\t\t\t\t<div class=\"elementor-element elementor-element-4c9065c exad-sticky-section-no exad-glass-effect-no elementor-widget elementor-widget-heading\" data-id=\"4c9065c\" data-element_type=\"widget\" data-e-type=\"widget\" data-widget_type=\"heading.default\">\n\t\t\t\t<div class=\"elementor-widget-container\">\n\t\t\t\t\t<p class=\"elementor-heading-title elementor-size-default\">Camayenne Corniche nord \u2013 Conakry\u00a0\u00a0(R\u00e9publique de Guin\u00e9e)\u00a0\n\nBP\u00a0: 2260<\/p>\t\t\t\t<\/div>\n\t\t\t\t<\/div>\n\t\t\t\t\t<\/div>\n\t\t\t\t<\/div>\n\t\t<div class=\"elementor-element elementor-element-7e4594e e-flex e-con-boxed e-con e-parent\" data-id=\"7e4594e\" data-element_type=\"container\" data-e-type=\"container\">\n\t\t\t\t\t<div class=\"e-con-inner\">\n\t\t<div class=\"elementor-element elementor-element-bb9232c e-con-full e-flex e-con e-child\" data-id=\"bb9232c\" data-element_type=\"container\" data-e-type=\"container\">\n\t\t\t\t<div class=\"elementor-element elementor-element-11c184c eael-infobox-icon-bg-shape-none eael-infobox-icon-hover-bg-shape-none exad-sticky-section-no exad-glass-effect-no elementor-widget elementor-widget-eael-info-box\" data-id=\"11c184c\" data-element_type=\"widget\" data-e-type=\"widget\" data-widget_type=\"eael-info-box.default\">\n\t\t\t\t<div class=\"elementor-widget-container\">\n\t\t\t\t\t        <div class=\"eael-infobox icon-on-left\">\n\t            <div class=\"infobox-icon eael-icon-only\">\n\n            \n                            <div class=\"infobox-icon-wrap\">\n                    <i aria-hidden=\"true\" class=\"teenyicon ti-contact\"><\/i>                <\/div>\n            \n            \n        <\/div>\n            <div class=\"infobox-content eael-icon-only\">\n                    <div class=\"infobox-title-section\">\n                <h2 class=\"title\">Secr\u00e9tariat g\u00e9n\u00e9ral<\/h2>            <\/div>\n            <div><p><strong>T\u00e9l\u00e9phone<\/strong>: (+224)\u00a0611 20 30 64\/622 50 77 40<\/p><p><strong>Email<\/strong>: sg@coursupreme.org.gn<\/p><\/div>        <\/div>\n            <\/div>\n\n\t\t\t\t\t\t<\/div>\n\t\t\t\t<\/div>\n\t\t\t\t<\/div>\n\t\t<div class=\"elementor-element elementor-element-ac6e79b e-con-full e-flex e-con e-child\" data-id=\"ac6e79b\" data-element_type=\"container\" data-e-type=\"container\">\n\t\t\t\t<div class=\"elementor-element elementor-element-34c11de eael-infobox-icon-bg-shape-none eael-infobox-icon-hover-bg-shape-none exad-sticky-section-no exad-glass-effect-no elementor-widget elementor-widget-eael-info-box\" data-id=\"34c11de\" data-element_type=\"widget\" data-e-type=\"widget\" data-widget_type=\"eael-info-box.default\">\n\t\t\t\t<div class=\"elementor-widget-container\">\n\t\t\t\t\t        <div class=\"eael-infobox icon-on-left\">\n\t            <div class=\"infobox-icon eael-icon-only\">\n\n            \n                            <div class=\"infobox-icon-wrap\">\n                    <i aria-hidden=\"true\" class=\"teenyicon ti-contact\"><\/i>                <\/div>\n            \n            \n        <\/div>\n            <div class=\"infobox-content eael-icon-only\">\n                    <div class=\"infobox-title-section\">\n                <h2 class=\"title\">Service Greffe<\/h2>            <\/div>\n            <div><p><strong>T\u00e9l\u00e9phone<\/strong>: (+224)\u00a0\u00a0628 05 35 49\u00a0\/622 02 03 58\/628 82 36 09<\/p><p><strong>Email<\/strong>: servicegreffe@coursupreme.org.gn<\/p><\/div>        <\/div>\n            <\/div>\n\n\t\t\t\t\t\t<\/div>\n\t\t\t\t<\/div>\n\t\t\t\t<\/div>\n\t\t<div class=\"elementor-element elementor-element-a5456a8 e-con-full e-flex e-con e-child\" data-id=\"a5456a8\" data-element_type=\"container\" data-e-type=\"container\">\n\t\t\t\t<div class=\"elementor-element elementor-element-99765c4 eael-infobox-icon-bg-shape-none eael-infobox-icon-hover-bg-shape-none exad-sticky-section-no exad-glass-effect-no elementor-widget elementor-widget-eael-info-box\" data-id=\"99765c4\" data-element_type=\"widget\" data-e-type=\"widget\" data-widget_type=\"eael-info-box.default\">\n\t\t\t\t<div class=\"elementor-widget-container\">\n\t\t\t\t\t        <div class=\"eael-infobox icon-on-left\">\n\t            <div class=\"infobox-icon eael-icon-only\">\n\n            \n                            <div class=\"infobox-icon-wrap\">\n                    <i aria-hidden=\"true\" class=\"teenyicon ti-contact\"><\/i>                <\/div>\n            \n            \n        <\/div>\n            <div class=\"infobox-content eael-icon-only\">\n                    <div class=\"infobox-title-section\">\n                <h2 class=\"title\">Service de Documentation et d'\u00c9tude<\/h2>            <\/div>\n            <div><p><strong>T\u00e9l\u00e9phone<\/strong>: (+224)\u00a0610 69 00 31\/623 15 87 27<\/p><p><strong>Email<\/strong>: servicedocetudes@coursupreme.org.gn<\/p><\/div>        <\/div>\n            <\/div>\n\n\t\t\t\t\t\t<\/div>\n\t\t\t\t<\/div>\n\t\t\t\t<\/div>\n\t\t\t\t\t<\/div>\n\t\t\t\t<\/div>\n\t\t<div class=\"elementor-element elementor-element-1dc3d02 e-flex e-con-boxed e-con e-parent\" data-id=\"1dc3d02\" data-element_type=\"container\" data-e-type=\"container\" data-settings=\"{&quot;background_background&quot;:&quot;classic&quot;}\">\n\t\t\t\t\t<div class=\"e-con-inner\">\n\t\t<div class=\"elementor-element elementor-element-5ddd72e e-con-full e-flex e-con e-child\" data-id=\"5ddd72e\" data-element_type=\"container\" data-e-type=\"container\">\n\t\t\t\t<div class=\"elementor-element elementor-element-a9a013a exad-sticky-section-no exad-glass-effect-no elementor-widget elementor-widget-tp-contact-form-7\" data-id=\"a9a013a\" data-element_type=\"widget\" data-e-type=\"widget\" data-widget_type=\"tp-contact-form-7.default\">\n\t\t\t\t<div class=\"elementor-widget-container\">\n\t\t\t\t\t<div class=\"theplus-contact-form plus-cf7-label  text-center    after \" >\n<div class=\"wpcf7 no-js\" id=\"wpcf7-f6-p187-o1\" lang=\"fr-FR\" dir=\"ltr\" data-wpcf7-id=\"6\">\n<div class=\"screen-reader-response\"><p role=\"status\" aria-live=\"polite\" aria-atomic=\"true\"><\/p> <ul><\/ul><\/div>\n<form action=\"\/fr\/contacts\/#wpcf7-f6-p187-o1\" method=\"post\" class=\"wpcf7-form init\" aria-label=\"Formulaire de contact\" novalidate=\"novalidate\" data-status=\"init\">\n<fieldset class=\"hidden-fields-container\"><input type=\"hidden\" name=\"_wpcf7\" value=\"6\" \/><input type=\"hidden\" name=\"_wpcf7_version\" value=\"6.1.5\" \/><input type=\"hidden\" name=\"_wpcf7_locale\" value=\"fr_FR\" \/><input type=\"hidden\" name=\"_wpcf7_unit_tag\" value=\"wpcf7-f6-p187-o1\" \/><input type=\"hidden\" name=\"_wpcf7_container_post\" value=\"187\" \/><input type=\"hidden\" name=\"_wpcf7_posted_data_hash\" value=\"\" \/>\n<\/fieldset>\n<label> Votre nom\n    <span class=\"wpcf7-form-control-wrap\" data-name=\"your-name\"><input size=\"40\" maxlength=\"400\" class=\"wpcf7-form-control wpcf7-text wpcf7-validates-as-required\" autocomplete=\"name\" aria-required=\"true\" aria-invalid=\"false\" value=\"\" type=\"text\" name=\"your-name\" \/><\/span> <\/label>\n\n<label> Votre e-mail\n    <span class=\"wpcf7-form-control-wrap\" data-name=\"your-email\"><input size=\"40\" maxlength=\"400\" class=\"wpcf7-form-control wpcf7-email wpcf7-validates-as-required wpcf7-text wpcf7-validates-as-email\" autocomplete=\"email\" aria-required=\"true\" aria-invalid=\"false\" value=\"\" type=\"email\" name=\"your-email\" \/><\/span> <\/label>\n\n<label> Objet\n    <span class=\"wpcf7-form-control-wrap\" data-name=\"your-subject\"><input size=\"40\" maxlength=\"400\" class=\"wpcf7-form-control wpcf7-text wpcf7-validates-as-required\" aria-required=\"true\" aria-invalid=\"false\" value=\"\" type=\"text\" name=\"your-subject\" \/><\/span> <\/label>\n\n<label> Votre message (facultatif)\n    <span class=\"wpcf7-form-control-wrap\" data-name=\"your-message\"><textarea cols=\"40\" rows=\"10\" maxlength=\"2000\" class=\"wpcf7-form-control wpcf7-textarea\" aria-invalid=\"false\" name=\"your-message\"><\/textarea><\/span> <\/label>\n\n<input class=\"wpcf7-form-control wpcf7-submit has-spinner\" type=\"submit\" value=\"Envoyer\" \/><p style=\"display: none !important;\" class=\"akismet-fields-container\" data-prefix=\"_wpcf7_ak_\"><label>&#916;<textarea name=\"_wpcf7_ak_hp_textarea\" cols=\"45\" rows=\"8\" maxlength=\"100\"><\/textarea><\/label><input type=\"hidden\" id=\"ak_js_1\" name=\"_wpcf7_ak_js\" value=\"47\"\/><script>document.getElementById( \"ak_js_1\" ).setAttribute( \"value\", ( new Date() ).getTime() );<\/script><\/p><div class=\"wpcf7-response-output\" aria-hidden=\"true\"><\/div>\n<\/form>\n<\/div>\n<\/div>\t\t\t\t<\/div>\n\t\t\t\t<\/div>\n\t\t\t\t<\/div>\n\t\t<div class=\"elementor-element elementor-element-512b3f3 e-con-full e-flex e-con e-child\" data-id=\"512b3f3\" data-element_type=\"container\" data-e-type=\"container\">\n\t\t\t\t<div class=\"elementor-element elementor-element-e3087a0 exad-sticky-section-no exad-glass-effect-no elementor-widget elementor-widget-google_maps\" data-id=\"e3087a0\" data-element_type=\"widget\" data-e-type=\"widget\" data-widget_type=\"google_maps.default\">\n\t\t\t\t<div class=\"elementor-widget-container\">\n\t\t\t\t\t\t\t<div class=\"elementor-custom-embed\">\n\t\t\t<iframe loading=\"lazy\"\n\t\t\t\t\tsrc=\"https:\/\/maps.google.com\/maps?q=Cour%20Supr%C3%AAme%20de%20Guin%C3%A9e%20&#038;t=m&#038;z=15&#038;output=embed&#038;iwloc=near\"\n\t\t\t\t\ttitle=\"Cour Supr\u00eame de Guin\u00e9e \"\n\t\t\t\t\taria-label=\"Cour Supr\u00eame de Guin\u00e9e \"\n\t\t\t><\/iframe>\n\t\t<\/div>\n\t\t\t\t\t\t<\/div>\n\t\t\t\t<\/div>\n\t\t\t\t<\/div>\n\t\t\t\t\t<\/div>\n\t\t\t\t<\/div>\n\t\t<div class=\"elementor-element elementor-element-52a1644 e-flex e-con-boxed e-con e-parent\" data-id=\"52a1644\" data-element_type=\"container\" data-e-type=\"container\">\n\t\t\t\t\t<div class=\"e-con-inner\">\n\t\t\t\t\t<\/div>\n\t\t\t\t<\/div>\n\t\t\t\t<\/div>\n\t\t","protected":false},"excerpt":{"rendered":"<p>Contacts Camayenne Corniche nord \u2013 Conakry&nbsp;&nbsp;(R\u00e9publique de Guin\u00e9e) BP&nbsp;: 2260 Secr\u00e9tariat g\u00e9n\u00e9ral T\u00e9l\u00e9phone: (+224)&nbsp;611 20 30 64\/622 50 77 40 Email: sg@coursupreme.org.gn Service Greffe T\u00e9l\u00e9phone: (+224)&nbsp;&nbsp;628 05 35 49&nbsp;\/622 02 03 58\/628 82 36 09 Email: servicegreffe@coursupreme.org.gn Service de Documentation et d&#8217;\u00c9tude T\u00e9l\u00e9phone: (+224)&nbsp;610 69 00 31\/623 15 87 27 Email: servicedocetudes@coursupreme.org.gn Votre nom Votre e-mail Objet Votre message (facultatif) \u0394<\/p>\n","protected":false},"author":1,"featured_media":0,"parent":0,"menu_order":0,"comment_status":"closed","ping_status":"closed","template":"elementor_header_footer","meta":{"tpgb_global_settings":"","ngg_post_thumbnail":0,"footnotes":""},"class_list":["post-187","page","type-page","status-publish","hentry"],"tpgb_featured_images":null,"tpgb_post_meta_info":{"get_date":"21 juin 2024","get_modified_date":"20 juillet 2024","author_name":"coursup001","author_url":"https:\/\/coursupreme.org.gn\/fr\/author\/coursup001\/","author_email":"admin@coursupreme.org.gn","author_website":"https:\/\/coursupreme.org.gn","author_description":"","author_facebook":"","author_twitter":"","author_instagram":"","author_role":["administrator"],"author_firstname":"","author_lastname":"","user_login":"coursup001","author_avatar":"<img alt='' src='https:\/\/secure.gravatar.com\/avatar\/fb5174ba16fc92604ba38ba91221b56765a3bd57d0b7999d5bd072ab0634059d?s=200&#038;d=mm&#038;r=g' srcset='https:\/\/secure.gravatar.com\/avatar\/fb5174ba16fc92604ba38ba91221b56765a3bd57d0b7999d5bd072ab0634059d?s=400&#038;d=mm&#038;r=g 2x' class='avatar avatar-200 photo' height='200' width='200' decoding='async'\/>","author_avatar_url":"https:\/\/secure.gravatar.com\/avatar\/fb5174ba16fc92604ba38ba91221b56765a3bd57d0b7999d5bd072ab0634059d?s=96&d=mm&r=g","comment_count":0,"post_likes":0,"post_views":0},"tpgb_post_category":[],"jetpack_sharing_enabled":true,"_links":{"self":[{"href":"https:\/\/coursupreme.org.gn\/fr\/wp-json\/wp\/v2\/pages\/187","targetHints":{"allow":["GET"]}}],"collection":[{"href":"https:\/\/coursupreme.org.gn\/fr\/wp-json\/wp\/v2\/pages"}],"about":[{"href":"https:\/\/coursupreme.org.gn\/fr\/wp-json\/wp\/v2\/types\/page"}],"author":[{"embeddable":true,"href":"https:\/\/coursupreme.org.gn\/fr\/wp-json\/wp\/v2\/users\/1"}],"replies":[{"embeddable":true,"href":"https:\/\/coursupreme.org.gn\/fr\/wp-json\/wp\/v2\/comments?post=187"}],"version-history":[{"count":56,"href":"https:\/\/coursupreme.org.gn\/fr\/wp-json\/wp\/v2\/pages\/187\/revisions"}],"predecessor-version":[{"id":1595,"href":"https:\/\/coursupreme.org.gn\/fr\/wp-json\/wp\/v2\/pages\/187\/revisions\/1595"}],"wp:attachment":[{"href":"https:\/\/coursupreme.org.gn\/fr\/wp-json\/wp\/v2\/media?parent=187"}],"curies":[{"name":"wp","href":"https:\/\/api.w.org\/{rel}","templated":true}]}}